{"id":116,"date":"2023-11-12T20:35:19","date_gmt":"2023-11-13T01:35:19","guid":{"rendered":"https:\/\/colonialidadesurbanas.org\/?page_id=116"},"modified":"2024-10-15T21:05:46","modified_gmt":"2024-10-16T02:05:46","slug":"perfiles","status":"publish","type":"page","link":"https:\/\/colonialidadesurbanas.org\/index.php\/perfiles\/","title":{"rendered":"Perfiles"},"content":{"rendered":"\t\t<div data-elementor-type=\"wp-page\" data-elementor-id=\"116\" class=\"elementor elementor-116\" data-elementor-post-type=\"page\">\n\t\t\t\t\t\t\t<div class=\"elementor-element elementor-element-a8ea7ce e-flex e-con-boxed e-con e-parent\" data-id=\"a8ea7ce\" data-element_type=\"container\" data-settings=\"{&quot;background_background&quot;:&quot;classic&quot;,&quot;content_width&quot;:&quot;boxed&quot;}\" data-core-v316-plus=\"true\">\n\t\t\t\t\t<div class=\"e-con-inner\">\n\t\t<div class=\"elementor-element elementor-element-842e938 e-con-full e-flex e-con e-child\" data-id=\"842e938\" data-element_type=\"container\" data-settings=\"{&quot;content_width&quot;:&quot;full&quot;,&quot;background_background&quot;:&quot;classic&quot;}\">\n\t\t\t\t<div class=\"elementor-element elementor-element-24bba9c elementor-widget elementor-widget-heading\" data-id=\"24bba9c\" data-element_type=\"widget\" data-widget_type=\"heading.default\">\n\t\t\t\t<div class=\"elementor-widget-container\">\n\t\t\t<style>\/*! elementor - v3.17.0 - 08-11-2023 *\/\n.elementor-heading-title{padding:0;margin:0;line-height:1}.elementor-widget-heading .elementor-heading-title[class*=elementor-size-]>a{color:inherit;font-size:inherit;line-height:inherit}.elementor-widget-heading .elementor-heading-title.elementor-size-small{font-size:15px}.elementor-widget-heading .elementor-heading-title.elementor-size-medium{font-size:19px}.elementor-widget-heading .elementor-heading-title.elementor-size-large{font-size:29px}.elementor-widget-heading .elementor-heading-title.elementor-size-xl{font-size:39px}.elementor-widget-heading .elementor-heading-title.elementor-size-xxl{font-size:59px}<\/style><h2 class=\"elementor-heading-title elementor-size-default\">Jaime Alves<\/h2>\t\t<\/div>\n\t\t\t\t<\/div>\n\t\t\t\t<div class=\"elementor-element elementor-element-b0a6657 elementor-widget__width-initial e-transform elementor-widget elementor-widget-image\" data-id=\"b0a6657\" data-element_type=\"widget\" data-settings=\"{&quot;_transform_scale_effect&quot;:{&quot;unit&quot;:&quot;px&quot;,&quot;size&quot;:1.1,&quot;sizes&quot;:[]},&quot;_transform_scale_effect_tablet&quot;:{&quot;unit&quot;:&quot;px&quot;,&quot;size&quot;:&quot;&quot;,&quot;sizes&quot;:[]},&quot;_transform_scale_effect_mobile&quot;:{&quot;unit&quot;:&quot;px&quot;,&quot;size&quot;:&quot;&quot;,&quot;sizes&quot;:[]}}\" data-widget_type=\"image.default\">\n\t\t\t\t<div class=\"elementor-widget-container\">\n\t\t\t<style>\/*! elementor - v3.17.0 - 08-11-2023 *\/\n.elementor-widget-image{text-align:center}.elementor-widget-image a{display:inline-block}.elementor-widget-image a img[src$=\".svg\"]{width:48px}.elementor-widget-image img{vertical-align:middle;display:inline-block}<\/style>\t\t\t\t\t\t\t\t\t\t\t\t<img fetchpriority=\"high\" decoding=\"async\" width=\"407\" height=\"415\" src=\"https:\/\/colonialidadesurbanas.org\/wp-content\/uploads\/2023\/11\/Recurso-21.png\" class=\"attachment-large size-large wp-image-118\" alt=\"\" srcset=\"https:\/\/colonialidadesurbanas.org\/wp-content\/uploads\/2023\/11\/Recurso-21.png 407w, https:\/\/colonialidadesurbanas.org\/wp-content\/uploads\/2023\/11\/Recurso-21-294x300.png 294w\" sizes=\"(max-width: 407px) 100vw, 407px\" \/>\t\t\t\t\t\t\t\t\t\t\t\t\t\t\t<\/div>\n\t\t\t\t<\/div>\n\t\t\t\t<div class=\"elementor-element elementor-element-e2d6820 elementor-widget elementor-widget-text-editor\" data-id=\"e2d6820\" data-element_type=\"widget\" data-widget_type=\"text-editor.default\">\n\t\t\t\t<div class=\"elementor-widget-container\">\n\t\t\t<style>\/*! elementor - v3.17.0 - 08-11-2023 *\/\n.elementor-widget-text-editor.elementor-drop-cap-view-stacked .elementor-drop-cap{background-color:#69727d;color:#fff}.elementor-widget-text-editor.elementor-drop-cap-view-framed .elementor-drop-cap{color:#69727d;border:3px solid;background-color:transparent}.elementor-widget-text-editor:not(.elementor-drop-cap-view-default) .elementor-drop-cap{margin-top:8px}.elementor-widget-text-editor:not(.elementor-drop-cap-view-default) .elementor-drop-cap-letter{width:1em;height:1em}.elementor-widget-text-editor .elementor-drop-cap{float:left;text-align:center;line-height:1;font-size:50px}.elementor-widget-text-editor .elementor-drop-cap-letter{display:inline-block}<\/style>\t\t\t\t<p><span style=\"font-weight: 400;\">Antrop\u00f3logo y profesor del Departamento de Estudios Negro de la Universidad de California, Santa Barbara.<\/span><\/p>\t\t\t\t\t\t<\/div>\n\t\t\t\t<\/div>\n\t\t\t\t<\/div>\n\t\t<div class=\"elementor-element elementor-element-65b43ab e-con-full e-flex e-con e-child\" data-id=\"65b43ab\" data-element_type=\"container\" data-settings=\"{&quot;content_width&quot;:&quot;full&quot;}\">\n\t\t\t\t<\/div>\n\t\t<div class=\"elementor-element elementor-element-d9066d0 e-con-full e-flex e-con e-child\" data-id=\"d9066d0\" data-element_type=\"container\" data-settings=\"{&quot;content_width&quot;:&quot;full&quot;,&quot;background_background&quot;:&quot;classic&quot;}\">\n\t\t\t\t<div class=\"elementor-element elementor-element-38c4989 elementor-widget elementor-widget-heading\" data-id=\"38c4989\" data-element_type=\"widget\" data-widget_type=\"heading.default\">\n\t\t\t\t<div class=\"elementor-widget-container\">\n\t\t\t<h2 class=\"elementor-heading-title elementor-size-default\">Sonia Alexandra Qui\u00f1ones Mina<\/h2>\t\t<\/div>\n\t\t\t\t<\/div>\n\t\t\t\t<div class=\"elementor-element elementor-element-26b8278 elementor-widget__width-initial e-transform elementor-widget elementor-widget-image\" data-id=\"26b8278\" data-element_type=\"widget\" data-settings=\"{&quot;_transform_scale_effect&quot;:{&quot;unit&quot;:&quot;px&quot;,&quot;size&quot;:1.1,&quot;sizes&quot;:[]},&quot;_transform_scale_effect_tablet&quot;:{&quot;unit&quot;:&quot;px&quot;,&quot;size&quot;:&quot;&quot;,&quot;sizes&quot;:[]},&quot;_transform_scale_effect_mobile&quot;:{&quot;unit&quot;:&quot;px&quot;,&quot;size&quot;:&quot;&quot;,&quot;sizes&quot;:[]}}\" data-widget_type=\"image.default\">\n\t\t\t\t<div class=\"elementor-widget-container\">\n\t\t\t\t\t\t\t\t\t\t\t\t\t\t\t<img decoding=\"async\" width=\"407\" height=\"415\" src=\"https:\/\/colonialidadesurbanas.org\/wp-content\/uploads\/2023\/11\/Recurso-19.png\" class=\"attachment-large size-large wp-image-122\" alt=\"\" srcset=\"https:\/\/colonialidadesurbanas.org\/wp-content\/uploads\/2023\/11\/Recurso-19.png 407w, https:\/\/colonialidadesurbanas.org\/wp-content\/uploads\/2023\/11\/Recurso-19-294x300.png 294w\" sizes=\"(max-width: 407px) 100vw, 407px\" \/>\t\t\t\t\t\t\t\t\t\t\t\t\t\t\t<\/div>\n\t\t\t\t<\/div>\n\t\t\t\t<div class=\"elementor-element elementor-element-e1d7b5f elementor-widget elementor-widget-text-editor\" data-id=\"e1d7b5f\" data-element_type=\"widget\" data-widget_type=\"text-editor.default\">\n\t\t\t\t<div class=\"elementor-widget-container\">\n\t\t\t\t\t\t\t<p>Trabajadora social, coordinadora de la l\u00ednea de ni\u00f1ez e integrante del equipo de coordinaci\u00f3n del Preicfes Comunitario y Popular Paulo Freire de la Asociaci\u00f3n Casa Cultural el Chontaduro\u00a0(ACCC).<\/p>\t\t\t\t\t\t<\/div>\n\t\t\t\t<\/div>\n\t\t\t\t<\/div>\n\t\t<div class=\"elementor-element elementor-element-a8b90e3 e-con-full e-flex e-con e-child\" data-id=\"a8b90e3\" data-element_type=\"container\" data-settings=\"{&quot;content_width&quot;:&quot;full&quot;,&quot;background_background&quot;:&quot;classic&quot;}\">\n\t\t\t\t<div class=\"elementor-element elementor-element-f814dbe elementor-widget elementor-widget-heading\" data-id=\"f814dbe\" data-element_type=\"widget\" data-widget_type=\"heading.default\">\n\t\t\t\t<div class=\"elementor-widget-container\">\n\t\t\t<h2 class=\"elementor-heading-title elementor-size-default\">Jan Grill<\/h2>\t\t<\/div>\n\t\t\t\t<\/div>\n\t\t\t\t<div class=\"elementor-element elementor-element-588d101 elementor-widget__width-initial e-transform elementor-widget elementor-widget-image\" data-id=\"588d101\" data-element_type=\"widget\" data-settings=\"{&quot;_transform_scale_effect&quot;:{&quot;unit&quot;:&quot;px&quot;,&quot;size&quot;:1.1,&quot;sizes&quot;:[]},&quot;_transform_scale_effect_tablet&quot;:{&quot;unit&quot;:&quot;px&quot;,&quot;size&quot;:&quot;&quot;,&quot;sizes&quot;:[]},&quot;_transform_scale_effect_mobile&quot;:{&quot;unit&quot;:&quot;px&quot;,&quot;size&quot;:&quot;&quot;,&quot;sizes&quot;:[]}}\" data-widget_type=\"image.default\">\n\t\t\t\t<div class=\"elementor-widget-container\">\n\t\t\t\t\t\t\t\t\t\t\t\t\t\t\t<img decoding=\"async\" width=\"407\" height=\"415\" src=\"https:\/\/colonialidadesurbanas.org\/wp-content\/uploads\/2023\/11\/Recurso-22.png\" class=\"attachment-large size-large wp-image-123\" alt=\"\" srcset=\"https:\/\/colonialidadesurbanas.org\/wp-content\/uploads\/2023\/11\/Recurso-22.png 407w, https:\/\/colonialidadesurbanas.org\/wp-content\/uploads\/2023\/11\/Recurso-22-294x300.png 294w\" sizes=\"(max-width: 407px) 100vw, 407px\" \/>\t\t\t\t\t\t\t\t\t\t\t\t\t\t\t<\/div>\n\t\t\t\t<\/div>\n\t\t\t\t<div class=\"elementor-element elementor-element-007c1d4 elementor-widget elementor-widget-text-editor\" data-id=\"007c1d4\" data-element_type=\"widget\" data-widget_type=\"text-editor.default\">\n\t\t\t\t<div class=\"elementor-widget-container\">\n\t\t\t\t\t\t\t<p><span style=\"font-weight: 400;\">Antrop\u00f3logo y profesor asociado del Departamento de Estudios Sociales de la Facultad de Ciencias Sociales y Econ\u00f3micas de la Universidad del Valle. Miembro del Centro de Investigaciones Sociales y Econ\u00f3micas (CIDSE). <\/span><\/p>\t\t\t\t\t\t<\/div>\n\t\t\t\t<\/div>\n\t\t\t\t<\/div>\n\t\t<div class=\"elementor-element elementor-element-fd732d9 e-con-full e-flex e-con e-child\" data-id=\"fd732d9\" data-element_type=\"container\" data-settings=\"{&quot;content_width&quot;:&quot;full&quot;}\">\n\t\t\t\t<\/div>\n\t\t<div class=\"elementor-element elementor-element-a0aeab3 e-con-full e-flex e-con e-child\" data-id=\"a0aeab3\" data-element_type=\"container\" data-settings=\"{&quot;content_width&quot;:&quot;full&quot;,&quot;background_background&quot;:&quot;classic&quot;}\">\n\t\t\t\t<div class=\"elementor-element elementor-element-9298412 elementor-widget elementor-widget-heading\" data-id=\"9298412\" data-element_type=\"widget\" data-widget_type=\"heading.default\">\n\t\t\t\t<div class=\"elementor-widget-container\">\n\t\t\t<h2 class=\"elementor-heading-title elementor-size-default\">Yesica Caicedo<\/h2>\t\t<\/div>\n\t\t\t\t<\/div>\n\t\t\t\t<div class=\"elementor-element elementor-element-26153e2 elementor-widget__width-initial e-transform elementor-widget elementor-widget-image\" data-id=\"26153e2\" data-element_type=\"widget\" data-settings=\"{&quot;_transform_scale_effect&quot;:{&quot;unit&quot;:&quot;px&quot;,&quot;size&quot;:1.1,&quot;sizes&quot;:[]},&quot;_transform_scale_effect_tablet&quot;:{&quot;unit&quot;:&quot;px&quot;,&quot;size&quot;:&quot;&quot;,&quot;sizes&quot;:[]},&quot;_transform_scale_effect_mobile&quot;:{&quot;unit&quot;:&quot;px&quot;,&quot;size&quot;:&quot;&quot;,&quot;sizes&quot;:[]}}\" data-widget_type=\"image.default\">\n\t\t\t\t<div class=\"elementor-widget-container\">\n\t\t\t\t\t\t\t\t\t\t\t\t\t\t\t<img loading=\"lazy\" decoding=\"async\" width=\"408\" height=\"415\" src=\"https:\/\/colonialidadesurbanas.org\/wp-content\/uploads\/2023\/11\/Recurso-20.png\" class=\"attachment-large size-large wp-image-124\" alt=\"\" srcset=\"https:\/\/colonialidadesurbanas.org\/wp-content\/uploads\/2023\/11\/Recurso-20.png 408w, https:\/\/colonialidadesurbanas.org\/wp-content\/uploads\/2023\/11\/Recurso-20-295x300.png 295w\" sizes=\"(max-width: 408px) 100vw, 408px\" \/>\t\t\t\t\t\t\t\t\t\t\t\t\t\t\t<\/div>\n\t\t\t\t<\/div>\n\t\t\t\t<div class=\"elementor-element elementor-element-3beb531 elementor-widget elementor-widget-text-editor\" data-id=\"3beb531\" data-element_type=\"widget\" data-widget_type=\"text-editor.default\">\n\t\t\t\t<div class=\"elementor-widget-container\">\n\t\t\t\t\t\t\t<p><span style=\"font-weight: 400;\">Activista social y estudiante de comunicaci\u00f3n social de la universidad Antonio Jos\u00e9 Camacho. Integrante de la Casa Cultural el Chontaduro y cofundadora de la Colectiva los Condenados de la Tierra.<\/span><\/p>\t\t\t\t\t\t<\/div>\n\t\t\t\t<\/div>\n\t\t\t\t<\/div>\n\t\t\t\t\t<\/div>\n\t\t\t\t<\/div>\n\t\t<div class=\"elementor-element elementor-element-b39b8f3 e-flex e-con-boxed e-con e-parent\" data-id=\"b39b8f3\" data-element_type=\"container\" data-settings=\"{&quot;background_background&quot;:&quot;classic&quot;,&quot;content_width&quot;:&quot;boxed&quot;}\" data-core-v316-plus=\"true\">\n\t\t\t\t\t<div class=\"e-con-inner\">\n\t\t<div class=\"elementor-element elementor-element-674ce41 e-con-full e-flex e-con e-child\" data-id=\"674ce41\" data-element_type=\"container\" data-settings=\"{&quot;content_width&quot;:&quot;full&quot;,&quot;background_background&quot;:&quot;classic&quot;}\">\n\t\t\t\t<div class=\"elementor-element elementor-element-16c4175 elementor-widget elementor-widget-heading\" data-id=\"16c4175\" data-element_type=\"widget\" data-widget_type=\"heading.default\">\n\t\t\t\t<div class=\"elementor-widget-container\">\n\t\t\t<h2 class=\"elementor-heading-title elementor-size-default\">Lena<\/h2>\t\t<\/div>\n\t\t\t\t<\/div>\n\t\t\t\t<div class=\"elementor-element elementor-element-bade199 elementor-widget__width-initial e-transform elementor-widget elementor-widget-image\" data-id=\"bade199\" data-element_type=\"widget\" data-settings=\"{&quot;_transform_scale_effect&quot;:{&quot;unit&quot;:&quot;px&quot;,&quot;size&quot;:1.1,&quot;sizes&quot;:[]},&quot;_transform_scale_effect_tablet&quot;:{&quot;unit&quot;:&quot;px&quot;,&quot;size&quot;:&quot;&quot;,&quot;sizes&quot;:[]},&quot;_transform_scale_effect_mobile&quot;:{&quot;unit&quot;:&quot;px&quot;,&quot;size&quot;:&quot;&quot;,&quot;sizes&quot;:[]}}\" data-widget_type=\"image.default\">\n\t\t\t\t<div class=\"elementor-widget-container\">\n\t\t\t\t\t\t\t\t\t\t\t\t\t\t\t<img loading=\"lazy\" decoding=\"async\" width=\"800\" height=\"800\" src=\"https:\/\/colonialidadesurbanas.org\/wp-content\/uploads\/2024\/10\/MODULO-III.png\" class=\"attachment-large size-large wp-image-638\" alt=\"\" srcset=\"https:\/\/colonialidadesurbanas.org\/wp-content\/uploads\/2024\/10\/MODULO-III.png 893w, https:\/\/colonialidadesurbanas.org\/wp-content\/uploads\/2024\/10\/MODULO-III-300x300.png 300w, https:\/\/colonialidadesurbanas.org\/wp-content\/uploads\/2024\/10\/MODULO-III-150x150.png 150w, https:\/\/colonialidadesurbanas.org\/wp-content\/uploads\/2024\/10\/MODULO-III-768x768.png 768w\" sizes=\"(max-width: 800px) 100vw, 800px\" \/>\t\t\t\t\t\t\t\t\t\t\t\t\t\t\t<\/div>\n\t\t\t\t<\/div>\n\t\t\t\t<div class=\"elementor-element elementor-element-b122203 elementor-widget elementor-widget-text-editor\" data-id=\"b122203\" data-element_type=\"widget\" data-widget_type=\"text-editor.default\">\n\t\t\t\t<div class=\"elementor-widget-container\">\n\t\t\t\t\t\t\t<p>Activista social y estudiante de pol\u00edtica p\u00fablica y la ley de la Universidad de California Santa Barbara (UCSB). Directora del programa de estudiantes P\u00e1ginas por Personas en la C\u00e1rcel (Pages for Individuals in Prison UCSB), directora interna de Voces Jud\u00edos por Paz (JVP) en UCSB, y voluntaria con la organizaci\u00f3n Radio de la C\u00e1rcel (Prison Radio).<\/p>\t\t\t\t\t\t<\/div>\n\t\t\t\t<\/div>\n\t\t\t\t<\/div>\n\t\t\t\t\t<\/div>\n\t\t\t\t<\/div>\n\t\t\t\t\t\t\t<\/div>\n\t\t","protected":false},"excerpt":{"rendered":"<p>Jaime Alves Antrop\u00f3logo y profesor del Departamento de Estudios Negro de la Universidad de California, Santa Barbara. Sonia Alexandra Qui\u00f1ones Mina Trabajadora social, coordinadora de la l\u00ednea de ni\u00f1ez e [&hellip;]<\/p>\n","protected":false},"author":1,"featured_media":0,"parent":0,"menu_order":0,"comment_status":"closed","ping_status":"closed","template":"","meta":{"footnotes":""},"aioseo_notices":[],"_links":{"self":[{"href":"https:\/\/colonialidadesurbanas.org\/index.php\/wp-json\/wp\/v2\/pages\/116"}],"collection":[{"href":"https:\/\/colonialidadesurbanas.org\/index.php\/wp-json\/wp\/v2\/pages"}],"about":[{"href":"https:\/\/colonialidadesurbanas.org\/index.php\/wp-json\/wp\/v2\/types\/page"}],"author":[{"embeddable":true,"href":"https:\/\/colonialidadesurbanas.org\/index.php\/wp-json\/wp\/v2\/users\/1"}],"replies":[{"embeddable":true,"href":"https:\/\/colonialidadesurbanas.org\/index.php\/wp-json\/wp\/v2\/comments?post=116"}],"version-history":[{"count":15,"href":"https:\/\/colonialidadesurbanas.org\/index.php\/wp-json\/wp\/v2\/pages\/116\/revisions"}],"predecessor-version":[{"id":641,"href":"https:\/\/colonialidadesurbanas.org\/index.php\/wp-json\/wp\/v2\/pages\/116\/revisions\/641"}],"wp:attachment":[{"href":"https:\/\/colonialidadesurbanas.org\/index.php\/wp-json\/wp\/v2\/media?parent=116"}],"curies":[{"name":"wp","href":"https:\/\/api.w.org\/{rel}","templated":true}]}}